{"id":131948,"date":"2026-01-27T08:55:08","date_gmt":"2026-01-27T07:55:08","guid":{"rendered":"https:\/\/www.tecinvent.ch\/tecinvent-teamwork-as-a-recipe-for-success\/"},"modified":"2026-01-27T10:33:06","modified_gmt":"2026-01-27T09:33:06","slug":"tecinvent-il-lavoro-di-squadra-quale-ricetta-del-successo","status":"publish","type":"page","link":"https:\/\/www.tecinvent.ch\/it\/tecinvent-il-lavoro-di-squadra-quale-ricetta-del-successo\/","title":{"rendered":"TecInvent &#8211; Il lavoro di squadra quale ricetta del successo"},"content":{"rendered":"<div class=\"wpb-content-wrapper\"><p>[vc_row row_height_percent=&#8221;50&#8243; override_padding=&#8221;yes&#8221; h_padding=&#8221;2&#8243; top_padding=&#8221;2&#8243; bottom_padding=&#8221;2&#8243; back_color=&#8221;color-jevc&#8221; back_image=&#8221;131158&#8243; kburns=&#8221;yes&#8221; overlay_alpha=&#8221;25&#8243; gutter_size=&#8221;3&#8243; column_width_percent=&#8221;100&#8243; shift_y=&#8221;0&#8243; z_index=&#8221;0&#8243; content_parallax=&#8221;0&#8243; uncode_shortcode_id=&#8221;155222&#8243; back_color_type=&#8221;uncode-palette&#8221;][vc_column column_width_percent=&#8221;100&#8243; position_vertical=&#8221;middle&#8221; gutter_size=&#8221;3&#8243; style=&#8221;dark&#8221; overlay_alpha=&#8221;50&#8243; shift_x=&#8221;0&#8243; shift_y=&#8221;0&#8243; shift_y_down=&#8221;0&#8243; z_index=&#8221;0&#8243; medium_width=&#8221;0&#8243; mobile_width=&#8221;0&#8243; parallax_intensity=&#8221;6&#8243; width=&#8221;1\/1&#8243; uncode_shortcode_id=&#8221;683294&#8243;][vc_custom_heading text_size=&#8221;fontsize-182423&#8243; text_height=&#8221;fontheight-382436&#8243; css_animation=&#8221;single-curtain&#8221; uncode_shortcode_id=&#8221;960408&#8243;]Voi vedete abilit\u00e0,<br \/>\nnoi vediamo talenti.[\/vc_custom_heading][vc_row_inner row_inner_height_percent=&#8221;0&#8243; overlay_alpha=&#8221;50&#8243; gutter_size=&#8221;4&#8243; shift_y=&#8221;0&#8243; z_index=&#8221;0&#8243; mobile_visibility=&#8221;yes&#8221; limit_content=&#8221;&#8221; uncode_shortcode_id=&#8221;147084&#8243;][vc_column_inner column_width_percent=&#8221;100&#8243; gutter_size=&#8221;3&#8243; style=&#8221;dark&#8221; overlay_alpha=&#8221;50&#8243; shift_x=&#8221;0&#8243; shift_y=&#8221;0&#8243; shift_y_down=&#8221;0&#8243; z_index=&#8221;0&#8243; medium_width=&#8221;0&#8243; mobile_width=&#8221;0&#8243; width=&#8221;2\/3&#8243; uncode_shortcode_id=&#8221;159969&#8243;][vc_custom_heading heading_semantic=&#8221;h3&#8243; text_size=&#8221;h3&#8243; text_weight=&#8221;400&#8243; css_animation=&#8221;alpha-anim&#8221; animation_speed=&#8221;1000&#8243; animation_delay=&#8221;800&#8243; uncode_shortcode_id=&#8221;209869&#8243;]Un team di Ingegneri specializzati con pluriennale esperienza,<br \/>\ncon una visione condivisa, che va nella stessa direzione.[\/vc_custom_heading][\/vc_column_inner][vc_column_inner width=&#8221;1\/3&#8243;][\/vc_column_inner][\/vc_row_inner][vc_row_inner row_inner_height_percent=&#8221;0&#8243; overlay_alpha=&#8221;50&#8243; gutter_size=&#8221;4&#8243; shift_y=&#8221;0&#8243; z_index=&#8221;0&#8243; desktop_visibility=&#8221;yes&#8221; medium_visibility=&#8221;yes&#8221; limit_content=&#8221;&#8221; uncode_shortcode_id=&#8221;168924&#8243;][vc_column_inner column_width_percent=&#8221;100&#8243; gutter_size=&#8221;3&#8243; style=&#8221;dark&#8221; overlay_alpha=&#8221;50&#8243; shift_x=&#8221;0&#8243; shift_y=&#8221;0&#8243; shift_y_down=&#8221;0&#8243; z_index=&#8221;0&#8243; medium_width=&#8221;0&#8243; mobile_width=&#8221;0&#8243; width=&#8221;3\/4&#8243; uncode_shortcode_id=&#8221;159969&#8243;][vc_custom_heading heading_semantic=&#8221;h3&#8243; text_size=&#8221;h3&#8243; text_weight=&#8221;400&#8243; css_animation=&#8221;alpha-anim&#8221; animation_speed=&#8221;1000&#8243; animation_delay=&#8221;800&#8243; uncode_shortcode_id=&#8221;159705&#8243;]Un team di Ingegneri specializzati con pluriennale esperienza,<br \/>\ncon una visione condivisa, che va nella stessa direzione[\/vc_custom_heading][\/vc_column_inner][vc_column_inner width=&#8221;1\/4&#8243;][\/vc_column_inner][\/vc_row_inner][\/vc_column][\/vc_row][vc_row row_height_percent=&#8221;0&#8243; override_padding=&#8221;yes&#8221; h_padding=&#8221;2&#8243; top_padding=&#8221;4&#8243; bottom_padding=&#8221;2&#8243; back_color=&#8221;color-xsdn&#8221; overlay_alpha=&#8221;50&#8243; gutter_size=&#8221;3&#8243; column_width_percent=&#8221;100&#8243; shift_y=&#8221;0&#8243; z_index=&#8221;1&#8243; content_parallax=&#8221;0&#8243; uncode_shortcode_id=&#8221;174996&#8243; back_color_type=&#8221;uncode-palette&#8221;][vc_column column_width_percent=&#8221;100&#8243; gutter_size=&#8221;3&#8243; style=&#8221;light&#8221; overlay_alpha=&#8221;50&#8243; shift_x=&#8221;0&#8243; shift_y=&#8221;0&#8243; shift_y_down=&#8221;0&#8243; z_index=&#8221;0&#8243; medium_width=&#8221;0&#8243; mobile_width=&#8221;0&#8243; width=&#8221;1\/1&#8243; uncode_shortcode_id=&#8221;107661&#8243;][vc_row_inner limit_content=&#8221;&#8221;][vc_column_inner column_width_percent=&#8221;100&#8243; gutter_size=&#8221;3&#8243; overlay_alpha=&#8221;50&#8243; shift_x=&#8221;0&#8243; shift_y=&#8221;0&#8243; shift_y_down=&#8221;0&#8243; z_index=&#8221;0&#8243; medium_width=&#8221;0&#8243; mobile_width=&#8221;0&#8243; width=&#8221;2\/3&#8243; uncode_shortcode_id=&#8221;417774&#8243;][vc_icon position=&#8221;left&#8221; icon_image=&#8221;131935&#8243; media_size=&#8221;40&#8243; heading_semantic=&#8221;h2&#8243; text_size=&#8221;h2&#8243; text_height=&#8221;fontheight-382436&#8243; linked_title=&#8221;yes&#8221; css_animation=&#8221;bottom-t-top&#8221; title=&#8221;Swiss Label &#8211; Together for Greater Swiss Quality&#8221; uncode_shortcode_id=&#8221;267605&#8243; link=&#8221;url:https%3A%2F%2Fwww.tecinvent.ch%2Fsoftware%2F|title:Software&#8221;][\/vc_icon][vc_custom_heading heading_semantic=&#8221;h3&#8243; text_size=&#8221;&#8221; css_animation=&#8221;bottom-t-top&#8221; animation_delay=&#8221;100&#8243; uncode_shortcode_id=&#8221;100064&#8243;]TecInvent Electronics<br \/>\nGli specialisti in Ticino dello sviluppo hardware e software[\/vc_custom_heading][vc_custom_heading heading_semantic=&#8221;h3&#8243; text_size=&#8221;&#8221; text_weight=&#8221;400&#8243; css_animation=&#8221;bottom-t-top&#8221; uncode_shortcode_id=&#8221;160230&#8243;]TecInvent Electronics dispone di una grande esperienza con aziende nazionali e multinazionali nel campo dell\u2019elettronica industriale offrendo una collaborazione basata su trasparenza, massima qualit\u00e0, collaborazione dinamica creando i presupposti di un grande valore aggiunto a lungo termine per clienti e partner.[\/vc_custom_heading][vc_custom_heading heading_semantic=&#8221;h1&#8243; text_size=&#8221;&#8221; css_animation=&#8221;bottom-t-top&#8221; animation_delay=&#8221;100&#8243; uncode_shortcode_id=&#8221;684816&#8243;]Il lavoro di squadra quale ricetta del successo[\/vc_custom_heading][vc_column_text css_animation=&#8221;bottom-t-top&#8221; animation_delay=&#8221;100&#8243; uncode_shortcode_id=&#8221;608185&#8243;]TecInvent Electronics Ltd unisce eccellenza tecnica e innovazione.<\/p>\n<p>&#8220;Dopo molti anni di esperienza nello sviluppo elettronico e software volevamo creare un\u2019azienda in cui la tecnologia fosse al servizio delle persone e delle loro idee&#8221;, queste le parole del direttore generale <strong>Andreas Schneiter<\/strong>, fondatore dell\u2019azienda nel 2002 insieme ai partner <strong>Ivan Wagner<\/strong> e <strong>Alan Del Bello<\/strong>, inizialmente come Tecpoint SA. Ora TecInvent Electronics SA con sede dal 2019 a Riazzino.<\/p>\n<p>&#8220;Per noi il progresso \u00e8 visto come un passo verso il miglioramento della qualit\u00e0 di vita. Questo pensiero ci guida ogni giorno: vogliamo creare soluzioni che non siano solo tecnologicamente avanzate, ma che abbiano un impatto positivo e concreto nella vita delle persone.&#8221;[\/vc_column_text][vc_column_text css_animation=&#8221;bottom-t-top&#8221; animation_delay=&#8221;100&#8243; uncode_shortcode_id=&#8221;665543&#8243;]<\/p>\n<h2>Grande know-how ed elevata esperienza<\/h2>\n<p>La massima qualit\u00e0 e la vicinanza al cliente definiscono il DNA della PMI ticinese.<br \/>\n\u00abDedichiamo tempo a comprendere i bisogni dei nostri clienti e investiamo anche nella soddisfazione e nella formazione dei nostri collaboratori. Un team motivato e valorizzato che \u00e8 sempre a conoscenza del perch\u00e9, sono sempre spinti a dare il massimo per trova le migliori soluzioni, ed \u00e8 proprio questo che percepiscono i nostri clienti\u00bb, afferma Schneiter.<\/p>\n<p>L\u2019ingegnere elettronico \u00e8 da sempre stato affascinato dalle infinite possibilit\u00e0 offerte dell\u2019elettronica applicata e dalla opportunit\u00e0 di migliorare la qualit\u00e0 della vita di tutti i giorni delle persone. Ha maturato un\u2019ampia esperienza in varie posizioni tecniche e dirigenziali in diverse aziende svizzere, acquisendo un vasto know-how nello sviluppo hardware e software.<\/p>\n<p>TecInvent opera nello sviluppo su misura di hardware e software, nella creazione di prototipi elettronici e nella consulenza tecnica.<br \/>\n\u00abAccompagniamo i nostri clienti dal concetto al prodotto finito e copriamo ogni fase del ciclo di sviluppo.\u00bb<\/p>\n<p>Vengono sviluppate soluzioni di embedded software, applicazioni industriali, sistemi IoT, test e sistemi di misura: firmware per microcontrollori, interfacce di comunicazione, controlli macchina, software di monitoraggio remoto, strumenti di configurazione e software di sicurezza.<\/p>\n<p>L\u2019attenzione non \u00e8 solo sulla programmazione, ma anche sulla testabilit\u00e0 e sulla qualit\u00e0, per garantire una maggiore durata di vita dei prodotti, riduzione dei costi di manutenzione e massima flessibilit\u00e0 lungo tutto il ciclo di vita.[\/vc_column_text][vc_column_text css_animation=&#8221;bottom-t-top&#8221; animation_delay=&#8221;100&#8243; uncode_shortcode_id=&#8221;151310&#8243;]<\/p>\n<h2 style=\"font-weight: 400;\"><strong>Unire il nuovo all\u2019esistente<\/strong><\/h2>\n<p style=\"font-weight: 400;\">TecInvent come specialista tecnologico realizza hardware su misura, da moduli embedded fino a sistemi completi di elettronica di potenza.<\/p>\n<p style=\"font-weight: 400;\">\u00abCopriamo l\u2019intero processo: dall\u2019idea, alla progettazione dei circuiti, al layout PCB, alla realizzazione dei prototipi, alla messa in servizio del prodotto, alle certificazioni e alla preparazione alla produzione\u00bb, sottolinea Schneiter, aggiungendo: \u00abIl nostro obiettivo \u00e8 creare piattaforme integrate in cui hardware e software funzionino in perfetta sinergia. Ogni progetto, che si tratti di una componente o di un prodotto completo, viene considerato nella sua intera complessit\u00e0 e lungo tutto il suo ciclo di vita.\u00bb<\/p>\n<p style=\"font-weight: 400;\">La PMI collabora con aziende svizzere e internazionali nei settori dell\u2019industria, della ricerca e della tecnologia, con partner industriali come ABB e Schindler, nonch\u00e9 con istituzioni accademiche quali la Scuola universitaria professionale della Svizzera italiana (SUPSI).<br \/>\nLa qualit\u00e0 \u00e8 una componente fondamentale dell\u2019identit\u00e0 della PMI.<\/p>\n<p style=\"font-weight: 400;\">\u00abOgni prodotto \u00e8 sottoposto a test funzionali, elettrici e ambientali completi ed \u00e8 sviluppato in conformit\u00e0 con le normative internazionali come CE, RoHS ed EMC\u00bb, afferma Schneiter. \u00abInoltre collaboriamo strettamente con laboratori certificati accreditati garantendo, attraverso una documentazione tecnica completa in ogni fase dello sviluppo che tutti i requisiti siano soddisfatti in modo affidabile.\u00bb<\/p>\n<p style=\"font-weight: 400;\">Per la direzione come per tutto il team, qualit\u00e0 significa anche affidabilit\u00e0, precisione e rispetto per le persone: \u00abLa vera qualit\u00e0 nasce quando precisione tecnica, creativit\u00e0 e responsabilit\u00e0 si incontrano nel pensiero, nelle azioni e in ogni decisione.\u00bb<\/p>\n<p style=\"font-weight: 400;\">Allo stesso tempo, innovazione non significa soltanto creare qualcosa di nuovo, ma anche combinare in modo intelligente ci\u00f2 che gi\u00e0 esiste con ci\u00f2 che \u00e8 nuovo. Per mantenere elevati standard di qualit\u00e0 e sicurezza, l\u2019azienda investe costantemente in formazione, processi e strumenti di controllo \u2014 ma soprattutto nella motivazione e nella consapevolezza delle competenze di ogni singolo.<\/p>\n<p style=\"font-weight: 400;\">TecInvent lavora in modo agile e si adatta rapidamente alle nuove evoluzioni tecnologiche e alle esigenze del mercato.<\/p>\n<p style=\"font-weight: 400;\">\u00abLe dimensioni della nostra azienda ci permettono di agire rapidamente, senza perdere l\u2019attenzione per i dettagli.\u00bb Nel corso degli anni, l\u2019impresa ha costruito una vasta rete di esperti e partner. \u00abQuesta collaborazione basata sulla fiducia e una comunicazione trasparente ci consente di accedere a competenze specifiche e di coinvolgere, per ogni progetto di sviluppo, le migliori risorse in modo mirato, con la massima efficienza e flessibilit\u00e0, e sempre con lo sguardo rivolto alla massima qualit\u00e0\u00bb, afferma con soddisfazione Schneiter.<\/p>\n<p style=\"font-weight: 400;\">In questo modo la PMI sviluppa regolarmente sistemi elettronici che vanno ben oltre le soluzioni standard. Per l\u2019azienda, l\u2019adesione a Swiss Label \u00e8 molto pi\u00f9 di un semplice marchio di qualit\u00e0. \u00abLa balestra \u00e8 per noi un simbolo di fiducia, vicinanza e valori condivisi\u00bb, spiega Schneiter, aggiungendo: \u00abL\u2019organizzazione per la tutela del marchio rappresenta persone che lavorano con passione, responsabilit\u00e0 e rispetto, e partenariati fondati su apertura e fiducia reciproca \u2014 ed \u00e8 proprio questo che ci rispecchia.\u00bb<\/p>\n<p style=\"font-weight: 400;\">Per i clienti, il marchio rappresenta la certezza di collaborare con un partner che opera secondo standard svizzeri, con un approccio serio, sostenibile e profondamente umano.<\/p>\n<p>[\/vc_column_text][vc_column_text css_animation=&#8221;bottom-t-top&#8221; animation_delay=&#8221;100&#8243; uncode_shortcode_id=&#8221;490960&#8243;]<\/p>\n<h2>Crescita condivisa<\/h2>\n<p>Portare innovazione, competitivit\u00e0 e qualit\u00e0 umana in un equilibrio armonioso rappresenta la sfida pi\u00f9 grande per l\u2019azienda.<\/p>\n<p>\u00abOggigiorno la tecnologia si sviluppa a un ritmo rapidissimo, e riteniamo che il nostro compito sia quello di mantenere sempre l\u2019aspetto umano quale aspetto centrale.\u00bb<\/p>\n<p>I piani futuri di TecInvent Electronics Ltd mirano a rafforzare e promuovere ulteriormente la cultura della collaborazione, sia all\u2019interno dell\u2019azienda sia nel rapporto con clienti e partner. Secondo Schneiter, questo \u00e8 il presupposto fondamentale per l\u2019innovazione e la crescita condivisa e costituisce la base per sviluppare e offrire, anche in Svizzera, soluzioni tecnicamente ed economicamente competitive.<\/p>\n<p>Traduzione italiana: Andreas Schneiter.<br \/>\nTesto originale: Corinne Remund (DE).[\/vc_column_text][vc_empty_space][vc_button size=&#8221;link&#8221; btn_link_underline=&#8221;btn-underline-out&#8221; css_animation=&#8221;bottom-t-top&#8221; animation_delay=&#8221;100&#8243; link=&#8221;url:https%3A%2F%2Fwww.tecinvent.ch%2Fsite%2Fwp-content%2Fuploads%2F2026%2F01%2FTecinvent-art-Swisslabel.pdf|target:_blank&#8221; uncode_shortcode_id=&#8221;141413&#8243;]Articolo originale (tedesco)[\/vc_button][\/vc_column_inner][vc_column_inner width=&#8221;1\/3&#8243;][\/vc_column_inner][\/vc_row_inner][\/vc_column][\/vc_row][vc_row row_height_percent=&#8221;0&#8243; back_color=&#8221;color-xsdn&#8221; overlay_alpha=&#8221;50&#8243; gutter_size=&#8221;3&#8243; column_width_percent=&#8221;100&#8243; shift_y=&#8221;0&#8243; z_index=&#8221;1&#8243; uncode_shortcode_id=&#8221;670174&#8243; back_color_type=&#8221;uncode-palette&#8221;][vc_column width=&#8221;1\/1&#8243;][vc_empty_space empty_h=&#8221;2&#8243;][\/vc_column][\/vc_row][vc_row][vc_column width=&#8221;1\/1&#8243;][uncode_block id=&#8221;472&#8243;][\/vc_column][\/vc_row][vc_row][vc_column width=&#8221;1\/1&#8243;][uncode_block id=&#8221;469&#8243;][\/vc_column][\/vc_row]<\/p>\n<\/div>","protected":false},"excerpt":{"rendered":"<p>[vc_row row_height_percent=&#8221;50&#8243; override_padding=&#8221;yes&#8221; h_padding=&#8221;2&#8243; top_padding=&#8221;2&#8243; bottom_padding=&#8221;2&#8243; back_color=&#8221;color-jevc&#8221; back_image=&#8221;131158&#8243; kburns=&#8221;yes&#8221; overlay_alpha=&#8221;25&#8243; gutter_size=&#8221;3&#8243; column_width_percent=&#8221;100&#8243; shift_y=&#8221;0&#8243; z_index=&#8221;0&#8243; content_parallax=&#8221;0&#8243; uncode_shortcode_id=&#8221;155222&#8243; back_color_type=&#8221;uncode-palette&#8221;][vc_column column_width_percent=&#8221;100&#8243; position_vertical=&#8221;middle&#8221; gutter_size=&#8221;3&#8243; [&hellip;]<\/p>\n","protected":false},"author":1,"featured_media":0,"parent":0,"menu_order":0,"comment_status":"closed","ping_status":"closed","template":"","meta":{"footnotes":""},"class_list":["post-131948","page","type-page","status-publish","hentry"],"_links":{"self":[{"href":"https:\/\/www.tecinvent.ch\/it\/wp-json\/wp\/v2\/pages\/131948","targetHints":{"allow":["GET"]}}],"collection":[{"href":"https:\/\/www.tecinvent.ch\/it\/wp-json\/wp\/v2\/pages"}],"about":[{"href":"https:\/\/www.tecinvent.ch\/it\/wp-json\/wp\/v2\/types\/page"}],"author":[{"embeddable":true,"href":"https:\/\/www.tecinvent.ch\/it\/wp-json\/wp\/v2\/users\/1"}],"replies":[{"embeddable":true,"href":"https:\/\/www.tecinvent.ch\/it\/wp-json\/wp\/v2\/comments?post=131948"}],"version-history":[{"count":8,"href":"https:\/\/www.tecinvent.ch\/it\/wp-json\/wp\/v2\/pages\/131948\/revisions"}],"predecessor-version":[{"id":131960,"href":"https:\/\/www.tecinvent.ch\/it\/wp-json\/wp\/v2\/pages\/131948\/revisions\/131960"}],"wp:attachment":[{"href":"https:\/\/www.tecinvent.ch\/it\/wp-json\/wp\/v2\/media?parent=131948"}],"curies":[{"name":"wp","href":"https:\/\/api.w.org\/{rel}","templated":true}]}}